{"id":486,"date":"2024-11-12T20:06:55","date_gmt":"2024-11-12T20:06:55","guid":{"rendered":"https:\/\/dev.co-pain.com.es\/?page_id=486"},"modified":"2025-01-21T15:10:52","modified_gmt":"2025-01-21T15:10:52","slug":"baguettes-torsades","status":"publish","type":"page","link":"https:\/\/www.co-pain.com.es\/index.php\/fr\/decouvrez-nos-produits\/baguettes-torsades\/","title":{"rendered":""},"content":{"rendered":"\n<div class=\"wp-block-group has-global-padding is-layout-constrained wp-block-group-is-layout-constrained\">\n<p class=\"has-text-align-center has-medium-font-size\">Nos baguettes et torsades sont livr\u00e9es pr\u00e9-cuites \u00e0 80% et surgel\u00e9es.<\/p>\n<\/div>\n\n\n\n<h2 class=\"wp-block-heading\">Baguettes enti\u00e8res<\/h2>\n\n\n\n<div class=\"wp-block-columns is-layout-flex wp-container-core-columns-is-layout-28f84493 wp-block-columns-is-layout-flex\">\n<div class=\"wp-block-column is-layout-flow wp-block-column-is-layout-flow\">\n<figure class=\"wp-block-image size-large\"><img loading=\"lazy\" decoding=\"async\" width=\"1024\" height=\"683\" src=\"https:\/\/dev.co-pain.com.es\/wp-content\/uploads\/2024\/10\/CBFBBAD3-6CC9-4031-86F0-9FD99D8CD506-1024x683.jpeg\" alt=\"\" class=\"wp-image-224\" style=\"object-fit:cover\" srcset=\"https:\/\/www.co-pain.com.es\/wp-content\/uploads\/2024\/10\/CBFBBAD3-6CC9-4031-86F0-9FD99D8CD506-1024x683.jpeg 1024w, https:\/\/www.co-pain.com.es\/wp-content\/uploads\/2024\/10\/CBFBBAD3-6CC9-4031-86F0-9FD99D8CD506-300x200.jpeg 300w, https:\/\/www.co-pain.com.es\/wp-content\/uploads\/2024\/10\/CBFBBAD3-6CC9-4031-86F0-9FD99D8CD506-2000x1334.jpeg 2000w\" sizes=\"auto, (max-width: 1024px) 100vw, 1024px\" \/><figcaption class=\"wp-element-caption\">FILET \u2014 300 GRAMMES<\/figcaption><\/figure>\n<\/div>\n\n\n\n<div class=\"wp-block-column is-layout-flow wp-block-column-is-layout-flow\">\n<figure class=\"wp-block-image size-large\"><img loading=\"lazy\" decoding=\"async\" width=\"1024\" height=\"682\" src=\"https:\/\/dev.co-pain.com.es\/wp-content\/uploads\/2024\/10\/3A6A1602-scaled-e1728648061684-1024x682.jpg\" alt=\"\" class=\"wp-image-184\" srcset=\"https:\/\/www.co-pain.com.es\/wp-content\/uploads\/2024\/10\/3A6A1602-scaled-e1728648061684-1024x682.jpg 1024w, https:\/\/www.co-pain.com.es\/wp-content\/uploads\/2024\/10\/3A6A1602-scaled-e1728648061684-300x200.jpg 300w, https:\/\/www.co-pain.com.es\/wp-content\/uploads\/2024\/10\/3A6A1602-scaled-e1728648061684-2000x1333.jpg 2000w, https:\/\/www.co-pain.com.es\/wp-content\/uploads\/2024\/10\/3A6A1602-scaled-e1728648061684-768x512.jpg 768w, https:\/\/www.co-pain.com.es\/wp-content\/uploads\/2024\/10\/3A6A1602-scaled-e1728648061684-1536x1024.jpg 1536w, https:\/\/www.co-pain.com.es\/wp-content\/uploads\/2024\/10\/3A6A1602-scaled-e1728648061684-2048x1365.jpg 2048w\" sizes=\"auto, (max-width: 1024px) 100vw, 1024px\" \/><figcaption class=\"wp-element-caption\">BAGUETTE TRADITION \u2014 300 GRAMMES<\/figcaption><\/figure>\n<\/div>\n\n\n\n<div class=\"wp-block-column is-layout-flow wp-block-column-is-layout-flow\">\n<figure class=\"wp-block-image size-large\"><img loading=\"lazy\" decoding=\"async\" width=\"1024\" height=\"684\" src=\"https:\/\/dev.co-pain.com.es\/wp-content\/uploads\/2024\/10\/3A6A1492-scaled-e1728648223597-1024x684.jpg\" alt=\"\" class=\"wp-image-185\" srcset=\"https:\/\/www.co-pain.com.es\/wp-content\/uploads\/2024\/10\/3A6A1492-scaled-e1728648223597-1024x684.jpg 1024w, https:\/\/www.co-pain.com.es\/wp-content\/uploads\/2024\/10\/3A6A1492-scaled-e1728648223597-300x200.jpg 300w, https:\/\/www.co-pain.com.es\/wp-content\/uploads\/2024\/10\/3A6A1492-scaled-e1728648223597-768x513.jpg 768w, https:\/\/www.co-pain.com.es\/wp-content\/uploads\/2024\/10\/3A6A1492-scaled-e1728648223597-1536x1026.jpg 1536w, https:\/\/www.co-pain.com.es\/wp-content\/uploads\/2024\/10\/3A6A1492-scaled-e1728648223597.jpg 1706w\" sizes=\"auto, (max-width: 1024px) 100vw, 1024px\" \/><figcaption class=\"wp-element-caption\">BAGUETTE C\u00c9R\u00c9ALES \u2014 300 GRAMMES<\/figcaption><\/figure>\n<\/div>\n<\/div>\n\n\n\n<div class=\"wp-block-columns is-layout-flex wp-container-core-columns-is-layout-28f84493 wp-block-columns-is-layout-flex\">\n<div class=\"wp-block-column is-layout-flow wp-block-column-is-layout-flow\">\n<figure class=\"wp-block-image size-full\"><img loading=\"lazy\" decoding=\"async\" width=\"453\" height=\"302\" src=\"https:\/\/dev.co-pain.com.es\/wp-content\/uploads\/2024\/10\/1FC9353C-0A7C-47F6-9D67-1E9578DB64F0-e1729089107202.jpeg\" alt=\"\" class=\"wp-image-254\" srcset=\"https:\/\/www.co-pain.com.es\/wp-content\/uploads\/2024\/10\/1FC9353C-0A7C-47F6-9D67-1E9578DB64F0-e1729089107202.jpeg 453w, https:\/\/www.co-pain.com.es\/wp-content\/uploads\/2024\/10\/1FC9353C-0A7C-47F6-9D67-1E9578DB64F0-e1729089107202-300x200.jpeg 300w\" sizes=\"auto, (max-width: 453px) 100vw, 453px\" \/><figcaption class=\"wp-element-caption\">BAGUETTE RUSTIQUE TORSAD\u00c9E \u2014 500 GRAMMES<\/figcaption><\/figure>\n<\/div>\n\n\n\n<div class=\"wp-block-column is-layout-flow wp-block-column-is-layout-flow\"><\/div>\n\n\n\n<div class=\"wp-block-column is-layout-flow wp-block-column-is-layout-flow\"><\/div>\n<\/div>\n\n\n\n<h2 class=\"wp-block-heading\">Demi baguettes<\/h2>\n\n\n\n<div class=\"wp-block-columns is-layout-flex wp-container-core-columns-is-layout-28f84493 wp-block-columns-is-layout-flex\">\n<div class=\"wp-block-column is-layout-flow wp-block-column-is-layout-flow\">\n<figure class=\"wp-block-image size-large\"><img loading=\"lazy\" decoding=\"async\" width=\"1024\" height=\"683\" src=\"https:\/\/dev.co-pain.com.es\/wp-content\/uploads\/2024\/10\/CBFBBAD3-6CC9-4031-86F0-9FD99D8CD506-1024x683.jpeg\" alt=\"\" class=\"wp-image-224\" srcset=\"https:\/\/www.co-pain.com.es\/wp-content\/uploads\/2024\/10\/CBFBBAD3-6CC9-4031-86F0-9FD99D8CD506-1024x683.jpeg 1024w, https:\/\/www.co-pain.com.es\/wp-content\/uploads\/2024\/10\/CBFBBAD3-6CC9-4031-86F0-9FD99D8CD506-300x200.jpeg 300w, https:\/\/www.co-pain.com.es\/wp-content\/uploads\/2024\/10\/CBFBBAD3-6CC9-4031-86F0-9FD99D8CD506-2000x1334.jpeg 2000w\" sizes=\"auto, (max-width: 1024px) 100vw, 1024px\" \/><figcaption class=\"wp-element-caption\">DEMI FILET \u2014 150 GRAMMES<\/figcaption><\/figure>\n<\/div>\n\n\n\n<div class=\"wp-block-column is-layout-flow wp-block-column-is-layout-flow\">\n<figure class=\"wp-block-image size-large\"><img loading=\"lazy\" decoding=\"async\" width=\"1024\" height=\"682\" src=\"https:\/\/dev.co-pain.com.es\/wp-content\/uploads\/2024\/10\/3A6A1602-scaled-e1728648061684-1024x682.jpg\" alt=\"\" class=\"wp-image-184\" srcset=\"https:\/\/www.co-pain.com.es\/wp-content\/uploads\/2024\/10\/3A6A1602-scaled-e1728648061684-1024x682.jpg 1024w, https:\/\/www.co-pain.com.es\/wp-content\/uploads\/2024\/10\/3A6A1602-scaled-e1728648061684-300x200.jpg 300w, https:\/\/www.co-pain.com.es\/wp-content\/uploads\/2024\/10\/3A6A1602-scaled-e1728648061684-2000x1333.jpg 2000w, https:\/\/www.co-pain.com.es\/wp-content\/uploads\/2024\/10\/3A6A1602-scaled-e1728648061684-768x512.jpg 768w, https:\/\/www.co-pain.com.es\/wp-content\/uploads\/2024\/10\/3A6A1602-scaled-e1728648061684-1536x1024.jpg 1536w, https:\/\/www.co-pain.com.es\/wp-content\/uploads\/2024\/10\/3A6A1602-scaled-e1728648061684-2048x1365.jpg 2048w\" sizes=\"auto, (max-width: 1024px) 100vw, 1024px\" \/><figcaption class=\"wp-element-caption\">DEMI BAGUETTE TRADITION \u2014 150 GRAMMES<\/figcaption><\/figure>\n<\/div>\n\n\n\n<div class=\"wp-block-column is-layout-flow wp-block-column-is-layout-flow\"><\/div>\n<\/div>\n\n\n\n<div style=\"height:131px\" aria-hidden=\"true\" class=\"wp-block-spacer\"><\/div>\n\n\n\n<p><\/p>\n","protected":false},"excerpt":{"rendered":"<p>Nos baguettes et torsades sont livr\u00e9es pr\u00e9-cuites \u00e0 80% et surgel\u00e9es. Baguettes enti\u00e8res Demi baguettes<\/p>\n","protected":false},"author":1,"featured_media":0,"parent":480,"menu_order":0,"comment_status":"closed","ping_status":"closed","template":"","meta":{"om_disable_all_campaigns":false,"_monsterinsights_skip_tracking":false,"_monsterinsights_sitenote_active":false,"_monsterinsights_sitenote_note":"","_monsterinsights_sitenote_category":0,"_uf_show_specific_survey":0,"_uf_disable_surveys":false,"inspiro_hide_title":false,"footnotes":""},"class_list":["post-486","page","type-page","status-publish","hentry"],"aioseo_notices":[],"_links":{"self":[{"href":"https:\/\/www.co-pain.com.es\/index.php\/wp-json\/wp\/v2\/pages\/486","targetHints":{"allow":["GET"]}}],"collection":[{"href":"https:\/\/www.co-pain.com.es\/index.php\/wp-json\/wp\/v2\/pages"}],"about":[{"href":"https:\/\/www.co-pain.com.es\/index.php\/wp-json\/wp\/v2\/types\/page"}],"author":[{"embeddable":true,"href":"https:\/\/www.co-pain.com.es\/index.php\/wp-json\/wp\/v2\/users\/1"}],"replies":[{"embeddable":true,"href":"https:\/\/www.co-pain.com.es\/index.php\/wp-json\/wp\/v2\/comments?post=486"}],"version-history":[{"count":7,"href":"https:\/\/www.co-pain.com.es\/index.php\/wp-json\/wp\/v2\/pages\/486\/revisions"}],"predecessor-version":[{"id":1011,"href":"https:\/\/www.co-pain.com.es\/index.php\/wp-json\/wp\/v2\/pages\/486\/revisions\/1011"}],"up":[{"embeddable":true,"href":"https:\/\/www.co-pain.com.es\/index.php\/wp-json\/wp\/v2\/pages\/480"}],"wp:attachment":[{"href":"https:\/\/www.co-pain.com.es\/index.php\/wp-json\/wp\/v2\/media?parent=486"}],"curies":[{"name":"wp","href":"https:\/\/api.w.org\/{rel}","templated":true}]}}