{"id":480,"date":"2024-11-12T20:05:18","date_gmt":"2024-11-12T20:05:18","guid":{"rendered":"https:\/\/dev.co-pain.com.es\/?page_id=480"},"modified":"2025-01-10T14:11:49","modified_gmt":"2025-01-10T14:11:49","slug":"decouvrez-nos-produits","status":"publish","type":"page","link":"https:\/\/www.co-pain.com.es\/index.php\/fr\/decouvrez-nos-produits\/","title":{"rendered":"NOS PRODUITS"},"content":{"rendered":"\n<h2 class=\"wp-block-heading has-text-align-center\">NOTRE CATALOGUE<\/h2>\n\n\n\n<div class=\"wp-block-columns is-layout-flex wp-container-core-columns-is-layout-28f84493 wp-block-columns-is-layout-flex\">\n<div class=\"wp-block-column is-layout-flow wp-block-column-is-layout-flow\">\n<div style=\"aspect-ratio:1;min-height:unset;\" class=\"wp-block-cover has-aspect-ratio\"><span aria-hidden=\"true\" class=\"wp-block-cover__background has-background-dim-30 has-background-dim\"><\/span><img loading=\"lazy\" decoding=\"async\" width=\"2560\" height=\"2560\" class=\"wp-block-cover__image-background wp-image-156\" alt=\"\" src=\"https:\/\/dev.co-pain.com.es\/wp-content\/uploads\/2024\/10\/70CA1474-7657-4858-B3D2-EBDD2DDB5386-edited-scaled.jpeg\" data-object-fit=\"cover\" srcset=\"https:\/\/www.co-pain.com.es\/wp-content\/uploads\/2024\/10\/70CA1474-7657-4858-B3D2-EBDD2DDB5386-edited-scaled.jpeg 2560w, https:\/\/www.co-pain.com.es\/wp-content\/uploads\/2024\/10\/70CA1474-7657-4858-B3D2-EBDD2DDB5386-edited-300x300.jpeg 300w, https:\/\/www.co-pain.com.es\/wp-content\/uploads\/2024\/10\/70CA1474-7657-4858-B3D2-EBDD2DDB5386-edited-1024x1024.jpeg 1024w, https:\/\/www.co-pain.com.es\/wp-content\/uploads\/2024\/10\/70CA1474-7657-4858-B3D2-EBDD2DDB5386-edited-150x150.jpeg 150w, https:\/\/www.co-pain.com.es\/wp-content\/uploads\/2024\/10\/70CA1474-7657-4858-B3D2-EBDD2DDB5386-edited-2000x2001.jpeg 2000w\" sizes=\"auto, (max-width: 2560px) 100vw, 2560px\" \/><div class=\"wp-block-cover__inner-container is-layout-flow wp-block-cover-is-layout-flow\">\n<p class=\"has-text-align-center has-medium-font-size\"><strong>VIENNOISERIES<\/strong><\/p>\n\n\n\n<div class=\"wp-block-buttons is-content-justification-center is-layout-flex wp-container-core-buttons-is-layout-a89b3969 wp-block-buttons-is-layout-flex\">\n<div class=\"wp-block-button has-custom-font-size is-style-outline is-style-outline--1\" style=\"font-size:10px\"><a class=\"wp-block-button__link wp-element-button\" href=\"https:\/\/dev.co-pain.com.es\/index.php\/fr\/decouvrez-nos-produits\/viennoiseries\/\">VOIR PLUS<\/a><\/div>\n<\/div>\n<\/div><\/div>\n<\/div>\n\n\n\n<div class=\"wp-block-column is-layout-flow wp-block-column-is-layout-flow\">\n<div style=\"aspect-ratio:1;min-height:unset;\" class=\"wp-block-cover has-aspect-ratio\"><span aria-hidden=\"true\" class=\"wp-block-cover__background has-background-dim-30 has-background-dim\"><\/span><img loading=\"lazy\" decoding=\"async\" width=\"1085\" height=\"1084\" class=\"wp-block-cover__image-background wp-image-155\" alt=\"\" src=\"https:\/\/dev.co-pain.com.es\/wp-content\/uploads\/2024\/10\/BA820367-48BE-4038-A271-471447D982FC-edited.jpeg\" data-object-fit=\"cover\" srcset=\"https:\/\/www.co-pain.com.es\/wp-content\/uploads\/2024\/10\/BA820367-48BE-4038-A271-471447D982FC-edited.jpeg 1085w, https:\/\/www.co-pain.com.es\/wp-content\/uploads\/2024\/10\/BA820367-48BE-4038-A271-471447D982FC-edited-300x300.jpeg 300w, https:\/\/www.co-pain.com.es\/wp-content\/uploads\/2024\/10\/BA820367-48BE-4038-A271-471447D982FC-edited-1024x1024.jpeg 1024w, https:\/\/www.co-pain.com.es\/wp-content\/uploads\/2024\/10\/BA820367-48BE-4038-A271-471447D982FC-edited-150x150.jpeg 150w\" sizes=\"auto, (max-width: 1085px) 100vw, 1085px\" \/><div class=\"wp-block-cover__inner-container is-layout-flow wp-block-cover-is-layout-flow\">\n<p class=\"has-text-align-center has-medium-font-size\"><strong>BURGERS ET BRIOCHES<\/strong><\/p>\n\n\n\n<div class=\"wp-block-buttons is-content-justification-center is-layout-flex wp-container-core-buttons-is-layout-a89b3969 wp-block-buttons-is-layout-flex\">\n<div class=\"wp-block-button has-custom-font-size is-style-outline is-style-outline--2\" style=\"font-size:10px\"><a class=\"wp-block-button__link wp-element-button\" href=\"https:\/\/dev.co-pain.com.es\/index.php\/fr\/decouvrez-nos-produits\/burgers-brioches\/\">VOIR PLUS<\/a><\/div>\n<\/div>\n<\/div><\/div>\n<\/div>\n\n\n\n<div class=\"wp-block-column is-layout-flow wp-block-column-is-layout-flow\">\n<div style=\"aspect-ratio:1;min-height:unset;\" class=\"wp-block-cover has-aspect-ratio\"><span aria-hidden=\"true\" class=\"wp-block-cover__background has-background-dim-30 has-background-dim\"><\/span><img loading=\"lazy\" decoding=\"async\" width=\"2560\" height=\"2560\" class=\"wp-block-cover__image-background wp-image-157\" alt=\"\" src=\"https:\/\/dev.co-pain.com.es\/wp-content\/uploads\/2024\/10\/FE1A32A7-3E4F-4D8B-8D98-4B8DDADB60A1-edited-scaled.jpeg\" data-object-fit=\"cover\" srcset=\"https:\/\/www.co-pain.com.es\/wp-content\/uploads\/2024\/10\/FE1A32A7-3E4F-4D8B-8D98-4B8DDADB60A1-edited-scaled.jpeg 2560w, https:\/\/www.co-pain.com.es\/wp-content\/uploads\/2024\/10\/FE1A32A7-3E4F-4D8B-8D98-4B8DDADB60A1-edited-300x300.jpeg 300w, https:\/\/www.co-pain.com.es\/wp-content\/uploads\/2024\/10\/FE1A32A7-3E4F-4D8B-8D98-4B8DDADB60A1-edited-1024x1024.jpeg 1024w, https:\/\/www.co-pain.com.es\/wp-content\/uploads\/2024\/10\/FE1A32A7-3E4F-4D8B-8D98-4B8DDADB60A1-edited-150x150.jpeg 150w, https:\/\/www.co-pain.com.es\/wp-content\/uploads\/2024\/10\/FE1A32A7-3E4F-4D8B-8D98-4B8DDADB60A1-edited-2000x2001.jpeg 2000w\" sizes=\"auto, (max-width: 2560px) 100vw, 2560px\" \/><div class=\"wp-block-cover__inner-container is-layout-flow wp-block-cover-is-layout-flow\">\n<p class=\"has-text-align-center has-medium-font-size\"><strong>BAGUETTES ET TORSAD\u00c9S <\/strong><\/p>\n\n\n\n<div class=\"wp-block-buttons is-content-justification-center is-layout-flex wp-container-core-buttons-is-layout-a89b3969 wp-block-buttons-is-layout-flex\">\n<div class=\"wp-block-button has-custom-font-size is-style-outline is-style-outline--3\" style=\"font-size:10px\"><a class=\"wp-block-button__link wp-element-button\" href=\"https:\/\/dev.co-pain.com.es\/index.php\/fr\/decouvrez-nos-produits\/baguettes-torsades\/\">VOIR PLUS<\/a><\/div>\n<\/div>\n<\/div><\/div>\n<\/div>\n<\/div>\n\n\n\n<div class=\"wp-block-columns is-layout-flex wp-container-core-columns-is-layout-28f84493 wp-block-columns-is-layout-flex\">\n<div class=\"wp-block-column is-layout-flow wp-block-column-is-layout-flow\">\n<div style=\"aspect-ratio:1;min-height:unset;\" class=\"wp-block-cover has-aspect-ratio\"><span aria-hidden=\"true\" class=\"wp-block-cover__background has-background-dim-30 has-background-dim\"><\/span><img loading=\"lazy\" decoding=\"async\" width=\"683\" height=\"1024\" class=\"wp-block-cover__image-background wp-image-8\" alt=\"\" src=\"https:\/\/dev.co-pain.com.es\/wp-content\/uploads\/2024\/09\/3A6A1469-683x1024.jpg\" data-object-fit=\"cover\" srcset=\"https:\/\/www.co-pain.com.es\/wp-content\/uploads\/2024\/09\/3A6A1469-683x1024.jpg 683w, https:\/\/www.co-pain.com.es\/wp-content\/uploads\/2024\/09\/3A6A1469-200x300.jpg 200w, https:\/\/www.co-pain.com.es\/wp-content\/uploads\/2024\/09\/3A6A1469-768x1152.jpg 768w, https:\/\/www.co-pain.com.es\/wp-content\/uploads\/2024\/09\/3A6A1469-1024x1536.jpg 1024w, https:\/\/www.co-pain.com.es\/wp-content\/uploads\/2024\/09\/3A6A1469-1365x2048.jpg 1365w, https:\/\/www.co-pain.com.es\/wp-content\/uploads\/2024\/09\/3A6A1469-scaled.jpg 1707w\" sizes=\"auto, (max-width: 683px) 100vw, 683px\" \/><div class=\"wp-block-cover__inner-container is-layout-flow wp-block-cover-is-layout-flow\">\n<p class=\"has-text-align-center has-medium-font-size\"><strong>MICHES DE PAIN<\/strong><\/p>\n\n\n\n<div class=\"wp-block-buttons is-content-justification-center is-layout-flex wp-container-core-buttons-is-layout-a89b3969 wp-block-buttons-is-layout-flex\">\n<div class=\"wp-block-button has-custom-font-size is-style-outline is-style-outline--4\" style=\"font-size:10px\"><a class=\"wp-block-button__link wp-element-button\" href=\"https:\/\/dev.co-pain.com.es\/index.php\/fr\/decouvrez-nos-produits\/miches-de-pain\/\">VOIR PLUS<\/a><\/div>\n<\/div>\n<\/div><\/div>\n<\/div>\n\n\n\n<div class=\"wp-block-column is-layout-flow wp-block-column-is-layout-flow\">\n<div style=\"aspect-ratio:1;min-height:unset;\" class=\"wp-block-cover has-aspect-ratio\"><span aria-hidden=\"true\" class=\"wp-block-cover__background has-background-dim-30 has-background-dim\"><\/span><img decoding=\"async\" class=\"wp-block-cover__image-background wp-image-65\" alt=\"\" src=\"https:\/\/dev.co-pain.com.es\/wp-content\/uploads\/2024\/09\/0A3AAA67-2E25-44BC-9A36-49A7DBE4EE1B-709x1024.jpeg\" data-object-fit=\"cover\"\/><div class=\"wp-block-cover__inner-container is-layout-flow wp-block-cover-is-layout-flow\">\n<p class=\"has-text-align-center has-medium-font-size\"><strong>BOULES<\/strong><\/p>\n\n\n\n<div class=\"wp-block-buttons is-content-justification-center is-layout-flex wp-container-core-buttons-is-layout-a89b3969 wp-block-buttons-is-layout-flex\">\n<div class=\"wp-block-button has-custom-font-size is-style-outline is-style-outline--5\" style=\"font-size:10px\"><a class=\"wp-block-button__link wp-element-button\" href=\"https:\/\/dev.co-pain.com.es\/index.php\/fr\/decouvrez-nos-produits\/pains-ronds\/\">VOIR PLUS<\/a><\/div>\n<\/div>\n<\/div><\/div>\n<\/div>\n\n\n\n<div class=\"wp-block-column is-layout-flow wp-block-column-is-layout-flow\">\n<div style=\"aspect-ratio:1;min-height:unset;\" class=\"wp-block-cover has-aspect-ratio\"><span aria-hidden=\"true\" class=\"wp-block-cover__background has-background-dim-30 has-background-dim\"><\/span><img loading=\"lazy\" decoding=\"async\" width=\"706\" height=\"1024\" class=\"wp-block-cover__image-background wp-image-64\" alt=\"\" src=\"https:\/\/dev.co-pain.com.es\/wp-content\/uploads\/2024\/09\/43E99A86-A97D-4F17-9418-0CD8397248D1-706x1024.jpeg\" data-object-fit=\"cover\" srcset=\"https:\/\/www.co-pain.com.es\/wp-content\/uploads\/2024\/09\/43E99A86-A97D-4F17-9418-0CD8397248D1-706x1024.jpeg 706w, https:\/\/www.co-pain.com.es\/wp-content\/uploads\/2024\/09\/43E99A86-A97D-4F17-9418-0CD8397248D1-207x300.jpeg 207w, https:\/\/www.co-pain.com.es\/wp-content\/uploads\/2024\/09\/43E99A86-A97D-4F17-9418-0CD8397248D1.jpeg 1082w\" sizes=\"auto, (max-width: 706px) 100vw, 706px\" \/><div class=\"wp-block-cover__inner-container is-layout-flow wp-block-cover-is-layout-flow\">\n<p class=\"has-text-align-center has-medium-font-size\"><strong>FOCACCIAS<\/strong><\/p>\n\n\n\n<div class=\"wp-block-buttons is-content-justification-center is-layout-flex wp-container-core-buttons-is-layout-a89b3969 wp-block-buttons-is-layout-flex\">\n<div class=\"wp-block-button has-custom-font-size is-style-outline is-style-outline--6\" style=\"font-size:10px\"><a class=\"wp-block-button__link wp-element-button\" href=\"https:\/\/dev.co-pain.com.es\/index.php\/fr\/decouvrez-nos-produits\/focaccia\/\">VOIR PLUS<\/a><\/div>\n<\/div>\n<\/div><\/div>\n<\/div>\n<\/div>\n\n\n\n<div style=\"height:33px\" aria-hidden=\"true\" class=\"wp-block-spacer\"><\/div>\n\n\n\n<hr class=\"wp-block-separator has-alpha-channel-opacity\"\/>\n\n\n\n<div style=\"height:33px\" aria-hidden=\"true\" class=\"wp-block-spacer\"><\/div>\n\n\n\n<h2 class=\"wp-block-heading has-text-align-center\">NOS INGR\u00c9DIENTS<\/h2>\n\n\n\n<div class=\"wp-block-columns is-layout-flex wp-container-core-columns-is-layout-28f84493 wp-block-columns-is-layout-flex\">\n<div class=\"wp-block-column is-layout-flow wp-block-column-is-layout-flow\" style=\"flex-basis:50%\">\n<figure class=\"wp-block-image size-large\"><img loading=\"lazy\" decoding=\"async\" width=\"2001\" height=\"1334\" src=\"https:\/\/dev.co-pain.com.es\/wp-content\/uploads\/2024\/12\/7H6A7397-2-1-edited.jpg\" alt=\"\" class=\"wp-image-838\" srcset=\"https:\/\/www.co-pain.com.es\/wp-content\/uploads\/2024\/12\/7H6A7397-2-1-edited.jpg 2001w, https:\/\/www.co-pain.com.es\/wp-content\/uploads\/2024\/12\/7H6A7397-2-1-edited-300x200.jpg 300w, https:\/\/www.co-pain.com.es\/wp-content\/uploads\/2024\/12\/7H6A7397-2-1-edited-1024x683.jpg 1024w\" sizes=\"auto, (max-width: 2001px) 100vw, 2001px\" \/><figcaption class=\"wp-element-caption\"><strong>Farine de bl\u00e9 biologique d\u2019origine noble<\/strong><br><br><br>Notre farine de bl\u00e9 biologique provient d\u2019un moulin fran\u00e7ais empreint de tradition et de savoir-faire. Depuis cinq g\u00e9n\u00e9rations, la m\u00eame famille de meuniers y exerce son m\u00e9tier avec une passion inlassable et un soin m\u00e9ticuleux, garantissant une qualit\u00e9 exceptionnelle \u00e0 chaque \u00e9tape de la production.<br><\/figcaption><\/figure>\n<\/div>\n\n\n\n<div class=\"wp-block-column is-layout-flow wp-block-column-is-layout-flow\" style=\"flex-basis:50%\">\n<figure class=\"wp-block-image size-large is-style-default\"><img loading=\"lazy\" decoding=\"async\" width=\"1024\" height=\"683\" src=\"https:\/\/dev.co-pain.com.es\/wp-content\/uploads\/2024\/12\/7H6A7478-2-1-1024x683.jpg\" alt=\"\" class=\"wp-image-825\" srcset=\"https:\/\/www.co-pain.com.es\/wp-content\/uploads\/2024\/12\/7H6A7478-2-1-1024x683.jpg 1024w, https:\/\/www.co-pain.com.es\/wp-content\/uploads\/2024\/12\/7H6A7478-2-1-300x200.jpg 300w, https:\/\/www.co-pain.com.es\/wp-content\/uploads\/2024\/12\/7H6A7478-2-1-2000x1334.jpg 2000w\" sizes=\"auto, (max-width: 1024px) 100vw, 1024px\" \/><\/figure>\n<\/div>\n<\/div>\n\n\n\n<div class=\"wp-block-columns is-layout-flex wp-container-core-columns-is-layout-28f84493 wp-block-columns-is-layout-flex\">\n<div class=\"wp-block-column is-layout-flow wp-block-column-is-layout-flow\" style=\"flex-basis:50%\">\n<figure class=\"wp-block-image size-large is-style-default\"><img loading=\"lazy\" decoding=\"async\" width=\"1024\" height=\"683\" src=\"https:\/\/dev.co-pain.com.es\/wp-content\/uploads\/2024\/12\/7H6A7362-2-1-1024x683.jpg\" alt=\"\" class=\"wp-image-836\" srcset=\"https:\/\/www.co-pain.com.es\/wp-content\/uploads\/2024\/12\/7H6A7362-2-1-1024x683.jpg 1024w, https:\/\/www.co-pain.com.es\/wp-content\/uploads\/2024\/12\/7H6A7362-2-1-300x200.jpg 300w, https:\/\/www.co-pain.com.es\/wp-content\/uploads\/2024\/12\/7H6A7362-2-1-2000x1333.jpg 2000w\" sizes=\"auto, (max-width: 1024px) 100vw, 1024px\" \/><\/figure>\n<\/div>\n\n\n\n<div class=\"wp-block-column is-layout-flow wp-block-column-is-layout-flow\" style=\"flex-basis:50%\">\n<figure class=\"wp-block-image size-large\"><img loading=\"lazy\" decoding=\"async\" width=\"2560\" height=\"1707\" src=\"https:\/\/dev.co-pain.com.es\/wp-content\/uploads\/2024\/12\/7H6A7572-2-1-edited-scaled.jpg\" alt=\"\" class=\"wp-image-837\" srcset=\"https:\/\/www.co-pain.com.es\/wp-content\/uploads\/2024\/12\/7H6A7572-2-1-edited-scaled.jpg 2560w, https:\/\/www.co-pain.com.es\/wp-content\/uploads\/2024\/12\/7H6A7572-2-1-edited-300x200.jpg 300w, https:\/\/www.co-pain.com.es\/wp-content\/uploads\/2024\/12\/7H6A7572-2-1-edited-1024x683.jpg 1024w, https:\/\/www.co-pain.com.es\/wp-content\/uploads\/2024\/12\/7H6A7572-2-1-edited-2000x1333.jpg 2000w\" sizes=\"auto, (max-width: 2560px) 100vw, 2560px\" \/><figcaption class=\"wp-element-caption\"><strong>Beurre fran\u00e7ais \u201cExtra Fin\u201d<\/strong><br><br><br>Notre beurre \u201cExtra Fin\u201d incarne la puret\u00e9 et l\u2019excellence. Confectionn\u00e9 exclusivement \u00e0 partir de cr\u00e8me pasteuris\u00e9e fra\u00eeche, jamais congel\u00e9e, il se distingue par sa texture extra-s\u00e8che et son go\u00fbt authentique. Pour garantir une qualit\u00e9 irr\u00e9prochable, sa fabrication intervient dans les 70 heures suivant la collecte du lait ou de la cr\u00e8me, pr\u00e9servant ainsi toute la fra\u00eecheur des mati\u00e8res premi\u00e8res.<\/figcaption><\/figure>\n<\/div>\n<\/div>\n\n\n\n<div class=\"wp-block-columns is-layout-flex wp-container-core-columns-is-layout-28f84493 wp-block-columns-is-layout-flex\">\n<div class=\"wp-block-column is-layout-flow wp-block-column-is-layout-flow\" style=\"flex-basis:50%\">\n<figure class=\"wp-block-image size-full is-style-default\"><img decoding=\"async\" src=\"https:\/\/dev.co-pain.com.es\/wp-content\/uploads\/2025\/01\/7H6A7469-1.jpg\" alt=\"\" class=\"wp-image-862\"\/><\/figure>\n<\/div>\n\n\n\n<div class=\"wp-block-column is-layout-flow wp-block-column-is-layout-flow\" style=\"flex-basis:50%\">\n<figure class=\"wp-block-image size-large\"><img loading=\"lazy\" decoding=\"async\" width=\"1024\" height=\"683\" src=\"https:\/\/dev.co-pain.com.es\/wp-content\/uploads\/2024\/12\/7H6A7617-2-1024x683.jpg\" alt=\"\" class=\"wp-image-826\" srcset=\"https:\/\/www.co-pain.com.es\/wp-content\/uploads\/2024\/12\/7H6A7617-2-1024x683.jpg 1024w, https:\/\/www.co-pain.com.es\/wp-content\/uploads\/2024\/12\/7H6A7617-2-300x200.jpg 300w, https:\/\/www.co-pain.com.es\/wp-content\/uploads\/2024\/12\/7H6A7617-2-2000x1334.jpg 2000w\" sizes=\"auto, (max-width: 1024px) 100vw, 1024px\" \/><\/figure>\n<\/div>\n<\/div>\n\n\n\n<div style=\"height:100px\" aria-hidden=\"true\" class=\"wp-block-spacer\"><\/div>\n\n\n\n<p><\/p>\n","protected":false},"excerpt":{"rendered":"<p>NOTRE CATALOGUE NOS INGR\u00c9DIENTS<\/p>\n","protected":false},"author":1,"featured_media":0,"parent":0,"menu_order":0,"comment_status":"closed","ping_status":"closed","template":"","meta":{"om_disable_all_campaigns":false,"_monsterinsights_skip_tracking":false,"_monsterinsights_sitenote_active":false,"_monsterinsights_sitenote_note":"","_monsterinsights_sitenote_category":0,"_uf_show_specific_survey":0,"_uf_disable_surveys":false,"inspiro_hide_title":false,"footnotes":""},"class_list":["post-480","page","type-page","status-publish","hentry"],"aioseo_notices":[],"_links":{"self":[{"href":"https:\/\/www.co-pain.com.es\/index.php\/wp-json\/wp\/v2\/pages\/480","targetHints":{"allow":["GET"]}}],"collection":[{"href":"https:\/\/www.co-pain.com.es\/index.php\/wp-json\/wp\/v2\/pages"}],"about":[{"href":"https:\/\/www.co-pain.com.es\/index.php\/wp-json\/wp\/v2\/types\/page"}],"author":[{"embeddable":true,"href":"https:\/\/www.co-pain.com.es\/index.php\/wp-json\/wp\/v2\/users\/1"}],"replies":[{"embeddable":true,"href":"https:\/\/www.co-pain.com.es\/index.php\/wp-json\/wp\/v2\/comments?post=480"}],"version-history":[{"count":18,"href":"https:\/\/www.co-pain.com.es\/index.php\/wp-json\/wp\/v2\/pages\/480\/revisions"}],"predecessor-version":[{"id":938,"href":"https:\/\/www.co-pain.com.es\/index.php\/wp-json\/wp\/v2\/pages\/480\/revisions\/938"}],"wp:attachment":[{"href":"https:\/\/www.co-pain.com.es\/index.php\/wp-json\/wp\/v2\/media?parent=480"}],"curies":[{"name":"wp","href":"https:\/\/api.w.org\/{rel}","templated":true}]}}